{"id":26,"date":"2015-08-17T07:00:58","date_gmt":"2015-08-17T07:00:58","guid":{"rendered":"http:\/\/yvonnedesnizza.de\/schmittschulz\/?page_id=26"},"modified":"2024-06-10T13:32:35","modified_gmt":"2024-06-10T11:32:35","slug":"workshops","status":"publish","type":"page","link":"https:\/\/www.schmittundschulz.de\/en_en\/workshops\/","title":{"rendered":"workshops"},"content":{"rendered":"<div class=\"fusion-fullwidth fullwidth-box fusion-builder-row-1 fusion-flex-container nonhundred-percent-fullwidth non-hundred-percent-height-scrolling\" style=\"--awb-border-radius-top-left:0px;--awb-border-radius-top-right:0px;--awb-border-radius-bottom-right:0px;--awb-border-radius-bottom-left:0px;--awb-padding-bottom:0px;--awb-margin-bottom:0px;\" ><div class=\"fusion-builder-row fusion-row fusion-flex-align-items-flex-start\" style=\"max-width:1248px;margin-left: calc(-4% \/ 2 );margin-right: calc(-4% \/ 2 );\"><div class=\"fusion-layout-column fusion_builder_column fusion-builder-column-0 fusion_builder_column_1_1 1_1 fusion-flex-column\" style=\"--awb-bg-size:cover;--awb-width-large:100%;--awb-margin-top-large:0px;--awb-spacing-right-large:1.92%;--awb-margin-bottom-large:0px;--awb-spacing-left-large:1.92%;--awb-width-medium:100%;--awb-spacing-right-medium:1.92%;--awb-spacing-left-medium:1.92%;--awb-width-small:100%;--awb-spacing-right-small:1.92%;--awb-spacing-left-small:1.92%;\"><div class=\"fusion-column-wrapper fusion-flex-justify-content-flex-start fusion-content-layout-column\"><div class=\"fusion-text fusion-text-1\"><h1>workshops<\/h1>\n<p>Wir bieten keine vorstrukturierten sondern nur individuelle, ma\u00dfgeschneiderte Workshops an. Wir haben schon viele verschiedene Workshops gegeben. Ob Firma, Verein, Schule oder Theatergruppe, sprechen Sie uns einfach an. Ob in Ihren R\u00e4umlichkeiten oder in unserem B\u00fchnensaal, ob eint\u00e4gig, mehrt\u00e4gig, eine ganze Woche oder als regelm\u00e4\u00dfiger Kurs, ob inhaltlich themengebunden oder abstrakt, funktional, technisch oder ganz praktisch, mit abschlie\u00dfender Performance-Pr\u00e4sentation bei Ihnen oder auf unserer Probenb\u00fchne, wir passen den Workshop Ihren Bed\u00fcrfnissen, M\u00f6glichkeiten und F\u00e4higkeiten an. Denn nur so kann unserer Ansicht nach ein Workshop effektiv sein.<\/p>\n<\/div><div class=\"fusion-image-element\" style=\"--awb-aspect-ratio: 100 \/ 68;--awb-caption-title-size:var(--h2_typography-font-size);--awb-caption-title-transform:var(--h2_typography-text-transform);--awb-caption-title-line-height:var(--h2_typography-line-height);--awb-caption-title-letter-spacing:var(--h2_typography-letter-spacing);\"><span class=\"fusion-imageframe imageframe-none imageframe-1 hover-type-none has-aspect-ratio\"><img decoding=\"async\" width=\"2000\" height=\"1600\" title=\"Collage_Workshops\" src=\"https:\/\/www.schmittundschulz.de\/wp-content\/uploads\/2024\/06\/Collage_Workshops.jpg\" class=\"img-responsive wp-image-2052 img-with-aspect-ratio\" alt srcset=\"https:\/\/www.schmittundschulz.de\/wp-content\/uploads\/2024\/06\/Collage_Workshops-200x160.jpg 200w, https:\/\/www.schmittundschulz.de\/wp-content\/uploads\/2024\/06\/Collage_Workshops-400x320.jpg 400w, https:\/\/www.schmittundschulz.de\/wp-content\/uploads\/2024\/06\/Collage_Workshops-600x480.jpg 600w, https:\/\/www.schmittundschulz.de\/wp-content\/uploads\/2024\/06\/Collage_Workshops-800x640.jpg 800w, https:\/\/www.schmittundschulz.de\/wp-content\/uploads\/2024\/06\/Collage_Workshops-1200x960.jpg 1200w, https:\/\/www.schmittundschulz.de\/wp-content\/uploads\/2024\/06\/Collage_Workshops.jpg 2000w\" sizes=\"(max-width: 640px) 100vw, 1200px\" \/><\/span><\/div><\/div><\/div><\/div><\/div>","protected":false},"excerpt":{"rendered":"","protected":false},"author":1,"featured_media":0,"parent":0,"menu_order":0,"comment_status":"closed","ping_status":"closed","template":"","meta":{"footnotes":""},"class_list":["post-26","page","type-page","status-publish","hentry"],"yoast_head":"<!-- This site is optimized with the Yoast SEO plugin v27.4 - https:\/\/yoast.com\/product\/yoast-seo-wordpress\/ -->\n<title>Workshops - Schmitt&amp;Schulz<\/title>\n<meta name=\"robots\" content=\"index, follow, max-snippet:-1, max-image-preview:large, max-video-preview:-1\" \/>\n<link rel=\"canonical\" href=\"https:\/\/www.schmittundschulz.de\/en_en\/workshops\/\" \/>\n<meta property=\"og:locale\" content=\"en_US\" \/>\n<meta property=\"og:type\" content=\"article\" \/>\n<meta property=\"og:title\" content=\"Workshops - Schmitt&amp;Schulz\" \/>\n<meta property=\"og:url\" content=\"https:\/\/www.schmittundschulz.de\/en_en\/workshops\/\" \/>\n<meta property=\"og:site_name\" content=\"Schmitt&amp;Schulz\" \/>\n<meta property=\"article:modified_time\" content=\"2024-06-10T11:32:35+00:00\" \/>\n<meta name=\"twitter:card\" content=\"summary_large_image\" \/>\n<meta name=\"twitter:label1\" content=\"Est. reading time\" \/>\n\t<meta name=\"twitter:data1\" content=\"2 minutes\" \/>\n<script type=\"application\/ld+json\" class=\"yoast-schema-graph\">{\"@context\":\"https:\\\/\\\/schema.org\",\"@graph\":[{\"@type\":\"WebPage\",\"@id\":\"https:\\\/\\\/www.schmittundschulz.de\\\/workshops\\\/\",\"url\":\"https:\\\/\\\/www.schmittundschulz.de\\\/workshops\\\/\",\"name\":\"Workshops - Schmitt&amp;Schulz\",\"isPartOf\":{\"@id\":\"https:\\\/\\\/www.schmittundschulz.de\\\/#website\"},\"datePublished\":\"2015-08-17T07:00:58+00:00\",\"dateModified\":\"2024-06-10T11:32:35+00:00\",\"breadcrumb\":{\"@id\":\"https:\\\/\\\/www.schmittundschulz.de\\\/workshops\\\/#breadcrumb\"},\"inLanguage\":\"en-US\",\"potentialAction\":[{\"@type\":\"ReadAction\",\"target\":[\"https:\\\/\\\/www.schmittundschulz.de\\\/workshops\\\/\"]}]},{\"@type\":\"BreadcrumbList\",\"@id\":\"https:\\\/\\\/www.schmittundschulz.de\\\/workshops\\\/#breadcrumb\",\"itemListElement\":[{\"@type\":\"ListItem\",\"position\":1,\"name\":\"Startseite\",\"item\":\"https:\\\/\\\/www.schmittundschulz.de\\\/\"},{\"@type\":\"ListItem\",\"position\":2,\"name\":\"Workshops\"}]},{\"@type\":\"WebSite\",\"@id\":\"https:\\\/\\\/www.schmittundschulz.de\\\/#website\",\"url\":\"https:\\\/\\\/www.schmittundschulz.de\\\/\",\"name\":\"Schmitt&amp;Schulz\",\"description\":\"Performance Artists\",\"potentialAction\":[{\"@type\":\"SearchAction\",\"target\":{\"@type\":\"EntryPoint\",\"urlTemplate\":\"https:\\\/\\\/www.schmittundschulz.de\\\/?s={search_term_string}\"},\"query-input\":{\"@type\":\"PropertyValueSpecification\",\"valueRequired\":true,\"valueName\":\"search_term_string\"}}],\"inLanguage\":\"en-US\"}]}<\/script>\n<!-- \/ Yoast SEO plugin. -->","yoast_head_json":{"title":"Workshops - Schmitt&amp;Schulz","robots":{"index":"index","follow":"follow","max-snippet":"max-snippet:-1","max-image-preview":"max-image-preview:large","max-video-preview":"max-video-preview:-1"},"canonical":"https:\/\/www.schmittundschulz.de\/en_en\/workshops\/","og_locale":"en_US","og_type":"article","og_title":"Workshops - Schmitt&amp;Schulz","og_url":"https:\/\/www.schmittundschulz.de\/en_en\/workshops\/","og_site_name":"Schmitt&amp;Schulz","article_modified_time":"2024-06-10T11:32:35+00:00","twitter_card":"summary_large_image","twitter_misc":{"Est. reading time":"2 minutes"},"schema":{"@context":"https:\/\/schema.org","@graph":[{"@type":"WebPage","@id":"https:\/\/www.schmittundschulz.de\/workshops\/","url":"https:\/\/www.schmittundschulz.de\/workshops\/","name":"Workshops - Schmitt&amp;Schulz","isPartOf":{"@id":"https:\/\/www.schmittundschulz.de\/#website"},"datePublished":"2015-08-17T07:00:58+00:00","dateModified":"2024-06-10T11:32:35+00:00","breadcrumb":{"@id":"https:\/\/www.schmittundschulz.de\/workshops\/#breadcrumb"},"inLanguage":"en-US","potentialAction":[{"@type":"ReadAction","target":["https:\/\/www.schmittundschulz.de\/workshops\/"]}]},{"@type":"BreadcrumbList","@id":"https:\/\/www.schmittundschulz.de\/workshops\/#breadcrumb","itemListElement":[{"@type":"ListItem","position":1,"name":"Startseite","item":"https:\/\/www.schmittundschulz.de\/"},{"@type":"ListItem","position":2,"name":"Workshops"}]},{"@type":"WebSite","@id":"https:\/\/www.schmittundschulz.de\/#website","url":"https:\/\/www.schmittundschulz.de\/","name":"Schmitt &amp; Schulz","description":"Performance Artists","potentialAction":[{"@type":"SearchAction","target":{"@type":"EntryPoint","urlTemplate":"https:\/\/www.schmittundschulz.de\/?s={search_term_string}"},"query-input":{"@type":"PropertyValueSpecification","valueRequired":true,"valueName":"search_term_string"}}],"inLanguage":"en-US"}]}},"_links":{"self":[{"href":"https:\/\/www.schmittundschulz.de\/en_en\/wp-json\/wp\/v2\/pages\/26","targetHints":{"allow":["GET"]}}],"collection":[{"href":"https:\/\/www.schmittundschulz.de\/en_en\/wp-json\/wp\/v2\/pages"}],"about":[{"href":"https:\/\/www.schmittundschulz.de\/en_en\/wp-json\/wp\/v2\/types\/page"}],"author":[{"embeddable":true,"href":"https:\/\/www.schmittundschulz.de\/en_en\/wp-json\/wp\/v2\/users\/1"}],"replies":[{"embeddable":true,"href":"https:\/\/www.schmittundschulz.de\/en_en\/wp-json\/wp\/v2\/comments?post=26"}],"version-history":[{"count":4,"href":"https:\/\/www.schmittundschulz.de\/en_en\/wp-json\/wp\/v2\/pages\/26\/revisions"}],"predecessor-version":[{"id":2054,"href":"https:\/\/www.schmittundschulz.de\/en_en\/wp-json\/wp\/v2\/pages\/26\/revisions\/2054"}],"wp:attachment":[{"href":"https:\/\/www.schmittundschulz.de\/en_en\/wp-json\/wp\/v2\/media?parent=26"}],"curies":[{"name":"wp","href":"https:\/\/api.w.org\/{rel}","templated":true}]}}